{"id":8765,"date":"2017-04-25T15:17:49","date_gmt":"2017-04-25T19:17:49","guid":{"rendered":"https:\/\/goghsolutions.com\/contact-us\/"},"modified":"2026-03-27T10:39:40","modified_gmt":"2026-03-27T14:39:40","slug":"contact","status":"publish","type":"page","link":"https:\/\/goghsolutions.com\/fr\/contact\/","title":{"rendered":"Contact"},"content":{"rendered":"<section class=\"l-section wpb_row height_auto\"><div class=\"l-section-overlay\" style=\"background:var(--color-content-heading)\"><\/div><div class=\"l-section-h i-cf\"><div class=\"g-cols vc_row via_flex valign_top type_default stacking_default\"><div class=\"vc_col-sm-12 wpb_column vc_column_container\"><div class=\"vc_column-inner\"><div class=\"wpb_wrapper\"><\/div><\/div><\/div><\/div><\/div><\/section><section class=\"l-section wpb_row height_medium width_custom parallax_ver parallaxdir_reversed\" style=\"--site-content-width:1400px;\"><div class=\"l-section-overlay\" style=\"background:#f7f9fb\"><\/div><div class=\"l-section-h i-cf\"><div class=\"g-cols vc_row via_flex valign_top type_default stacking_default\"><div class=\"vc_col-sm-12 wpb_column vc_column_container\"><div class=\"vc_column-inner\"><div class=\"wpb_wrapper\"><div class=\"g-cols wpb_row us_custom_b5f4be7b via_flex valign_top type_default stacking_default\"><div class=\"vc_col-sm-12 wpb_column vc_column_container\"><div class=\"vc_column-inner\"><div class=\"wpb_wrapper\">[vc_custom_heading text=\u00a0\u00bbParlez \u00e0 un expert IFS Cloud\u00a0\u00bb font_container=\u00a0\u00bbtag:h1|text_align:center|color:%23ffffff\u00a0\u00bb use_theme_fonts=\u00a0\u00bbyes\u00a0\u00bb css=\u00a0\u00bb%7B%22default%22%3A%7B%22color%22%3A%22_content_heading%22%2C%22font-size%22%3A%2260px%22%2C%22line-height%22%3A%221%22%2C%22font-family%22%3A%22body%22%2C%22font-weight%22%3A%22600%22%2C%22margin-bottom%22%3A%220px%22%7D%2C%22laptops%22%3A%7B%22color%22%3A%22_content_heading%22%2C%22font-size%22%3A%2250px%22%2C%22line-height%22%3A%221%22%2C%22font-family%22%3A%22body%22%2C%22font-weight%22%3A%22600%22%7D%2C%22tablets%22%3A%7B%22color%22%3A%22_content_heading%22%2C%22font-size%22%3A%2240px%22%2C%22line-height%22%3A%221%22%2C%22font-family%22%3A%22body%22%2C%22font-weight%22%3A%22600%22%7D%2C%22mobiles%22%3A%7B%22color%22%3A%22_content_heading%22%2C%22font-size%22%3A%2230px%22%2C%22line-height%22%3A%221%22%2C%22font-family%22%3A%22body%22%2C%22font-weight%22%3A%22600%22%7D%7D\u00a0\u00bb]<div class=\"ult-spacer spacer-69ded46da3f09\" data-id=\"69ded46da3f09\" data-height=\"20\" data-height-mobile=\"20\" data-height-tab=\"20\" data-height-tab-portrait=\"\" data-height-mobile-landscape=\"\" style=\"clear:both;display:block;\"><\/div>[vc_custom_heading text=\u00a0\u00bbQuestions sur IFS Cloud, EAM, ERP ou AMS? Contactez-nous\u00a0\u00bb font_container=\u00a0\u00bbtag:h2|text_align:center|color:%23ffffff\u00a0\u00bb use_theme_fonts=\u00a0\u00bbyes\u00a0\u00bb css=\u00a0\u00bb%7B%22default%22%3A%7B%22color%22%3A%22_header_middle_text_hover%22%2C%22font-size%22%3A%2226px%22%2C%22line-height%22%3A%221.2%22%2C%22font-family%22%3A%22body%22%2C%22font-weight%22%3A%22700%22%2C%22padding-top%22%3A%225px%22%7D%7D\u00a0\u00bb]<div class=\"ult-spacer spacer-69ded46da3f4e\" data-id=\"69ded46da3f4e\" data-height=\"40\" data-height-mobile=\"20\" data-height-tab=\"\" data-height-tab-portrait=\"\" data-height-mobile-landscape=\"20\" style=\"clear:both;display:block;\"><\/div><div class=\"w-hwrapper valign_top align_center\"><div class=\"w-socials us_custom_a91cd56f color_link shape_rounded style_solid hover_fade\" style=\"--gap:0.1em;\"><div class=\"w-socials-list\"><div class=\"w-socials-item linkedin\"><a target=\"_blank\" rel=\"nofollow\" href=\"https:\/\/www.linkedin.com\/company\/gogh-solutions\/\" class=\"w-socials-item-link\" aria-label=\"LinkedIn\"><span class=\"w-socials-item-link-hover\"><\/span><i class=\"fab fa-linkedin\"><\/i><\/a><div class=\"w-socials-item-popup\"><span>LinkedIn<\/span><\/div><\/div><\/div><\/div><\/div><\/div><\/div><\/div><\/div><\/div><\/div><\/div><\/div><\/div><\/section><section class=\"l-section wpb_row height_small width_custom\" style=\"--site-content-width:1400px;\"><div class=\"l-section-h i-cf\"><div class=\"g-cols vc_row via_flex valign_top type_default stacking_default\"><div class=\"vc_col-sm-6 wpb_column vc_column_container\"><div class=\"vc_column-inner\"><div class=\"wpb_wrapper\"><div class=\"g-cols wpb_row via_flex valign_top type_default stacking_default\"><div class=\"vc_col-sm-12 wpb_column vc_column_container\"><div class=\"vc_column-inner\"><div class=\"wpb_wrapper\"><div class=\"ult-spacer spacer-69ded46da4e84\" data-id=\"69ded46da4e84\" data-height=\"20\" data-height-mobile=\"10\" data-height-tab=\"\" data-height-tab-portrait=\"\" data-height-mobile-landscape=\"10\" style=\"clear:both;display:block;\"><\/div>[vc_custom_heading text=\u00a0\u00bbPourquoi choisir Gogh comme partenaire\u00a0\u00bb use_theme_fonts=\u00a0\u00bbyes\u00a0\u00bb css=\u00a0\u00bb%7B%22default%22%3A%7B%22color%22%3A%22%2325557c%22%2C%22font-size%22%3A%2250px%22%2C%22line-height%22%3A%221.1%22%2C%22font-family%22%3A%22body%22%2C%22font-weight%22%3A%22600%22%7D%2C%22laptops%22%3A%7B%22color%22%3A%22%2325557c%22%2C%22font-size%22%3A%2245px%22%2C%22line-height%22%3A%221.1%22%2C%22font-family%22%3A%22body%22%2C%22font-weight%22%3A%22600%22%7D%2C%22tablets%22%3A%7B%22color%22%3A%22%2325557c%22%2C%22font-size%22%3A%2240px%22%2C%22line-height%22%3A%221.1%22%2C%22font-family%22%3A%22body%22%2C%22font-weight%22%3A%22600%22%7D%2C%22mobiles%22%3A%7B%22color%22%3A%22%2325557c%22%2C%22font-size%22%3A%2230px%22%2C%22line-height%22%3A%221.1%22%2C%22font-family%22%3A%22body%22%2C%22font-weight%22%3A%22600%22%7D%7D\u00a0\u00bb]<div class=\"ult-spacer spacer-69ded46da4ec6\" data-id=\"69ded46da4ec6\" data-height=\"10\" data-height-mobile=\"10\" data-height-tab=\"10\" data-height-tab-portrait=\"\" data-height-mobile-landscape=\"\" style=\"clear:both;display:block;\"><\/div>[vc_custom_heading text=\u00a0\u00bbAccompagnement sur mesure, expertise approfondie et outils innovants pour lib\u00e9rer tout le potentiel de votre investissement IFS.\u00a0\u00bb font_container=\u00a0\u00bbtag:h3|text_align:left|color:%23ffffff\u00a0\u00bb use_theme_fonts=\u00a0\u00bbyes\u00a0\u00bb css=\u00a0\u00bb%7B%22default%22%3A%7B%22color%22%3A%22_header_middle_text_hover%22%2C%22font-size%22%3A%2226px%22%2C%22line-height%22%3A%221.2%22%2C%22font-family%22%3A%22body%22%2C%22font-weight%22%3A%22700%22%2C%22padding-top%22%3A%225px%22%7D%7D\u00a0\u00bb]<div class=\"wpb_text_column us_custom_a806f2b0\"><div class=\"wpb_wrapper\"><p>Chez Gogh Solutions, nous aidons les entreprises \u00e0 tirer davantage de valeur d\u2019IFS Cloud gr\u00e2ce \u00e0 une mise en \u0153uvre experte et des services de gestion applicative (AMS) proactifs. Que vous cherchiez \u00e0 optimiser vos op\u00e9rations actuelles, \u00e0 soutenir votre croissance ou \u00e0 migrer d\u2019un syst\u00e8me existant, notre \u00e9quipe travaille en \u00e9troite collaboration avec vous pour comprendre vos objectifs et livrer des r\u00e9sultats concrets, l\u00e0 o\u00f9 cela compte le plus.<\/p>\n<\/div><\/div><div class=\"ult-spacer spacer-69ded46da5346\" data-id=\"69ded46da5346\" data-height=\"10\" data-height-mobile=\"10\" data-height-tab=\"10\" data-height-tab-portrait=\"\" data-height-mobile-landscape=\"\" style=\"clear:both;display:block;\"><\/div>[vc_custom_heading text=\u00a0\u00bbPourquoi nous contacter?\u00a0\u00bb font_container=\u00a0\u00bbtag:h3|text_align:left\u00a0\u00bb use_theme_fonts=\u00a0\u00bbyes\u00a0\u00bb css=\u00a0\u00bb%7B%22default%22%3A%7B%22color%22%3A%22%2325557c%22%2C%22font-size%22%3A%2250px%22%2C%22line-height%22%3A%221.1%22%2C%22font-family%22%3A%22body%22%2C%22font-weight%22%3A%22600%22%7D%2C%22laptops%22%3A%7B%22color%22%3A%22%2325557c%22%2C%22font-size%22%3A%2245px%22%2C%22line-height%22%3A%221.1%22%2C%22font-family%22%3A%22body%22%2C%22font-weight%22%3A%22600%22%7D%2C%22tablets%22%3A%7B%22color%22%3A%22%2325557c%22%2C%22font-size%22%3A%2240px%22%2C%22line-height%22%3A%221.1%22%2C%22font-family%22%3A%22body%22%2C%22font-weight%22%3A%22600%22%7D%2C%22mobiles%22%3A%7B%22color%22%3A%22%2325557c%22%2C%22font-size%22%3A%2230px%22%2C%22line-height%22%3A%221.1%22%2C%22font-family%22%3A%22body%22%2C%22font-weight%22%3A%22600%22%7D%7D\u00a0\u00bb]<div class=\"wpb_text_column us_custom_a806f2b0\"><div class=\"wpb_wrapper\"><p>Voici comment nous aidons des \u00e9quipes comme la v\u00f4tre :<\/p>\n<ul>\n<li>Am\u00e9liorer le taux de r\u00e9solution d\u00e8s la premi\u00e8re intervention<\/li>\n<li>Optimiser la planification et la r\u00e9partition<\/li>\n<li>Automatiser les notifications aux clients<\/li>\n<li>D\u00e9ployer le bon technicien avec les bonnes pi\u00e8ces, \u00e0 chaque intervention<\/li>\n<li>Maximiser le rendement de vos investissements en service terrain<\/li>\n<\/ul>\n<p>Si vous \u00eates pr\u00eat \u00e0 r\u00e9duire vos co\u00fbts, \u00e0 am\u00e9liorer l\u2019exp\u00e9rience client ou \u00e0 cro\u00eetre efficacement, amor\u00e7ons la<\/p>\n<\/div><\/div><div class=\"ult-spacer spacer-69ded46da55b0\" data-id=\"69ded46da55b0\" data-height=\"10\" data-height-mobile=\"10\" data-height-tab=\"10\" data-height-tab-portrait=\"\" data-height-mobile-landscape=\"\" style=\"clear:both;display:block;\"><\/div><\/div><\/div><\/div><\/div><\/div><\/div><\/div><div class=\"vc_col-sm-6 wpb_column vc_column_container\"><div class=\"vc_column-inner\"><div class=\"wpb_wrapper\"><div class=\"ult-spacer spacer-69ded46da5876\" data-id=\"69ded46da5876\" data-height=\"20\" data-height-mobile=\"10\" data-height-tab=\"\" data-height-tab-portrait=\"\" data-height-mobile-landscape=\"10\" style=\"clear:both;display:block;\"><\/div><div class=\"g-cols wpb_row via_flex valign_top type_default stacking_default\"><div class=\"vc_col-sm-12 wpb_column vc_column_container\"><div class=\"vc_column-inner\"><div class=\"wpb_wrapper\">[vc_raw_html]JTNDaWZyYW1lJTIwZnJhbWVib3JkZXIlM0QlMjIwJTIyJTIwaWQlM0QlMjJpZnJhbWV3aW4lMjIlMjB3aWR0aCUzRCUyMjEwMCUyNSUyMiUyMGhlaWdodCUzRCUyMjkwMHB4JTIyJTIwc3JjJTNEJTIyaHR0cHMlM0ElMkYlMkZ6bmh4ay1jbXB6b3VybC5tYWlsbGlzdC1tYW5hZ2UuY29tJTJGdWElMkZPcHRpbiUzRm9kJTNEMTEyODdlY2NiOGFkODAlMjZ6eCUzRDEzMDFkY2EyZiUyNnNEJTNEMTEyNzBlMGJlYzNhZjAyZTclMjIlM0UlM0MlMkZpZnJhbWUlM0U=[\/vc_raw_html]<\/div><\/div><\/div><\/div><\/div><\/div><\/div><\/div><\/div><\/section>\n","protected":false},"excerpt":{"rendered":"[vc_custom_heading text=\"Parlez \u00e0 un expert IFS Cloud\" font_container=\"tag:h1|text_align:center|color:%23ffffff\" use_theme_fonts=\"yes\" css=\"%7B%22default%22%3A%7B%22color%22%3A%22_content_heading%22%2C%22font-size%22%3A%2260px%22%2C%22line-height%22%3A%221%22%2C%22font-family%22%3A%22body%22%2C%22font-weight%22%3A%22600%22%2C%22margin-bottom%22%3A%220px%22%7D%2C%22laptops%22%3A%7B%22color%22%3A%22_content_heading%22%2C%22font-size%22%3A%2250px%22%2C%22line-height%22%3A%221%22%2C%22font-family%22%3A%22body%22%2C%22font-weight%22%3A%22600%22%7D%2C%22tablets%22%3A%7B%22color%22%3A%22_content_heading%22%2C%22font-size%22%3A%2240px%22%2C%22line-height%22%3A%221%22%2C%22font-family%22%3A%22body%22%2C%22font-weight%22%3A%22600%22%7D%2C%22mobiles%22%3A%7B%22color%22%3A%22_content_heading%22%2C%22font-size%22%3A%2230px%22%2C%22line-height%22%3A%221%22%2C%22font-family%22%3A%22body%22%2C%22font-weight%22%3A%22600%22%7D%7D\"][vc_custom_heading text=\"Questions sur IFS Cloud, EAM, ERP ou AMS? Contactez-nous\" font_container=\"tag:h2|text_align:center|color:%23ffffff\" use_theme_fonts=\"yes\" css=\"%7B%22default%22%3A%7B%22color%22%3A%22_header_middle_text_hover%22%2C%22font-size%22%3A%2226px%22%2C%22line-height%22%3A%221.2%22%2C%22font-family%22%3A%22body%22%2C%22font-weight%22%3A%22700%22%2C%22padding-top%22%3A%225px%22%7D%7D\"]LinkedIn[vc_custom_heading text=\"Pourquoi choisir Gogh comme partenaire\" use_theme_fonts=\"yes\" css=\"%7B%22default%22%3A%7B%22color%22%3A%22%2325557c%22%2C%22font-size%22%3A%2250px%22%2C%22line-height%22%3A%221.1%22%2C%22font-family%22%3A%22body%22%2C%22font-weight%22%3A%22600%22%7D%2C%22laptops%22%3A%7B%22color%22%3A%22%2325557c%22%2C%22font-size%22%3A%2245px%22%2C%22line-height%22%3A%221.1%22%2C%22font-family%22%3A%22body%22%2C%22font-weight%22%3A%22600%22%7D%2C%22tablets%22%3A%7B%22color%22%3A%22%2325557c%22%2C%22font-size%22%3A%2240px%22%2C%22line-height%22%3A%221.1%22%2C%22font-family%22%3A%22body%22%2C%22font-weight%22%3A%22600%22%7D%2C%22mobiles%22%3A%7B%22color%22%3A%22%2325557c%22%2C%22font-size%22%3A%2230px%22%2C%22line-height%22%3A%221.1%22%2C%22font-family%22%3A%22body%22%2C%22font-weight%22%3A%22600%22%7D%7D\"][vc_custom_heading text=\"Accompagnement sur mesure, expertise approfondie et outils innovants pour lib\u00e9rer tout le potentiel de votre investissement IFS.\" font_container=\"tag:h3|text_align:left|color:%23ffffff\" use_theme_fonts=\"yes\" css=\"%7B%22default%22%3A%7B%22color%22%3A%22_header_middle_text_hover%22%2C%22font-size%22%3A%2226px%22%2C%22line-height%22%3A%221.2%22%2C%22font-family%22%3A%22body%22%2C%22font-weight%22%3A%22700%22%2C%22padding-top%22%3A%225px%22%7D%7D\"]Chez Gogh Solutions, nous aidons les entreprises...","protected":false},"author":1,"featured_media":0,"parent":0,"menu_order":0,"comment_status":"closed","ping_status":"closed","template":"","meta":{"footnotes":""},"class_list":["post-8765","page","type-page","status-publish","hentry"],"yoast_head":"<!-- This site is optimized with the Yoast SEO Premium plugin v27.1 (Yoast SEO v27.1.1) - https:\/\/yoast.com\/product\/yoast-seo-premium-wordpress\/ -->\n<title>Contactez-nous | Service de mise en \u0153uvre de l\u2019IFS | Gogh<\/title>\n<meta name=\"description\" content=\"Contactez Gogh Solutions pour maximiser votre exp\u00e9rience IFS Cloud gr\u00e2ce \u00e0 des impl\u00e9mentations expertes et des services AMS proactifs.\" \/>\n<meta name=\"robots\" content=\"index, follow, max-snippet:-1, max-image-preview:large, max-video-preview:-1\" \/>\n<link rel=\"canonical\" href=\"https:\/\/goghsolutions.com\/fr\/contact\/\" \/>\n<meta property=\"og:locale\" content=\"fr_FR\" \/>\n<meta property=\"og:type\" content=\"article\" \/>\n<meta property=\"og:title\" content=\"Contact\" \/>\n<meta property=\"og:description\" content=\"Contactez Gogh Solutions pour maximiser votre exp\u00e9rience IFS Cloud gr\u00e2ce \u00e0 des impl\u00e9mentations expertes et des services AMS proactifs.\" \/>\n<meta property=\"og:url\" content=\"https:\/\/goghsolutions.com\/fr\/contact\/\" \/>\n<meta property=\"og:site_name\" content=\"Gogh Solutions\" \/>\n<meta property=\"article:publisher\" content=\"https:\/\/www.facebook.com\/goghsolutions\/\" \/>\n<meta property=\"article:modified_time\" content=\"2026-03-27T14:39:40+00:00\" \/>\n<meta name=\"twitter:card\" content=\"summary_large_image\" \/>\n<meta name=\"twitter:site\" content=\"@goghsolutions\" \/>\n<meta name=\"twitter:label1\" content=\"Dur\u00e9e de lecture estim\u00e9e\" \/>\n\t<meta name=\"twitter:data1\" content=\"2 minutes\" \/>\n<script type=\"application\/ld+json\" class=\"yoast-schema-graph\">{\"@context\":\"https:\/\/schema.org\",\"@graph\":[{\"@type\":\"WebPage\",\"@id\":\"https:\/\/goghsolutions.com\/fr\/contact\/\",\"url\":\"https:\/\/goghsolutions.com\/fr\/contact\/\",\"name\":\"Contactez-nous | Service de mise en \u0153uvre de l\u2019IFS | Gogh\",\"isPartOf\":{\"@id\":\"https:\/\/goghsolutions.com\/fr\/#website\"},\"datePublished\":\"2017-04-25T19:17:49+00:00\",\"dateModified\":\"2026-03-27T14:39:40+00:00\",\"description\":\"Contactez Gogh Solutions pour maximiser votre exp\u00e9rience IFS Cloud gr\u00e2ce \u00e0 des impl\u00e9mentations expertes et des services AMS proactifs.\",\"breadcrumb\":{\"@id\":\"https:\/\/goghsolutions.com\/fr\/contact\/#breadcrumb\"},\"inLanguage\":\"fr-FR\",\"potentialAction\":[{\"@type\":\"ReadAction\",\"target\":[\"https:\/\/goghsolutions.com\/fr\/contact\/\"]}]},{\"@type\":\"BreadcrumbList\",\"@id\":\"https:\/\/goghsolutions.com\/fr\/contact\/#breadcrumb\",\"itemListElement\":[{\"@type\":\"ListItem\",\"position\":1,\"name\":\"Home\",\"item\":\"https:\/\/goghsolutions.com\/fr\/\"},{\"@type\":\"ListItem\",\"position\":2,\"name\":\"Contact\"}]},{\"@type\":\"WebSite\",\"@id\":\"https:\/\/goghsolutions.com\/fr\/#website\",\"url\":\"https:\/\/goghsolutions.com\/fr\/\",\"name\":\"Gogh Solutions\",\"description\":\"Transformer les services.\",\"publisher\":{\"@id\":\"https:\/\/goghsolutions.com\/fr\/#organization\"},\"potentialAction\":[{\"@type\":\"SearchAction\",\"target\":{\"@type\":\"EntryPoint\",\"urlTemplate\":\"https:\/\/goghsolutions.com\/fr\/?s={search_term_string}\"},\"query-input\":{\"@type\":\"PropertyValueSpecification\",\"valueRequired\":true,\"valueName\":\"search_term_string\"}}],\"inLanguage\":\"fr-FR\"},{\"@type\":\"Organization\",\"@id\":\"https:\/\/goghsolutions.com\/fr\/#organization\",\"name\":\"Gogh Solutions\",\"url\":\"https:\/\/goghsolutions.com\/fr\/\",\"logo\":{\"@type\":\"ImageObject\",\"inLanguage\":\"fr-FR\",\"@id\":\"https:\/\/goghsolutions.com\/fr\/#\/schema\/logo\/image\/\",\"url\":\"\",\"contentUrl\":\"\",\"caption\":\"Gogh Solutions\"},\"image\":{\"@id\":\"https:\/\/goghsolutions.com\/fr\/#\/schema\/logo\/image\/\"},\"sameAs\":[\"https:\/\/www.facebook.com\/goghsolutions\/\",\"https:\/\/x.com\/goghsolutions\",\"https:\/\/www.linkedin.com\/company-beta\/10483277\/\"]}]}<\/script>\n<!-- \/ Yoast SEO Premium plugin. -->","yoast_head_json":{"title":"Contactez-nous | Service de mise en \u0153uvre de l\u2019IFS | Gogh","description":"Contactez Gogh Solutions pour maximiser votre exp\u00e9rience IFS Cloud gr\u00e2ce \u00e0 des impl\u00e9mentations expertes et des services AMS proactifs.","robots":{"index":"index","follow":"follow","max-snippet":"max-snippet:-1","max-image-preview":"max-image-preview:large","max-video-preview":"max-video-preview:-1"},"canonical":"https:\/\/goghsolutions.com\/fr\/contact\/","og_locale":"fr_FR","og_type":"article","og_title":"Contact","og_description":"Contactez Gogh Solutions pour maximiser votre exp\u00e9rience IFS Cloud gr\u00e2ce \u00e0 des impl\u00e9mentations expertes et des services AMS proactifs.","og_url":"https:\/\/goghsolutions.com\/fr\/contact\/","og_site_name":"Gogh Solutions","article_publisher":"https:\/\/www.facebook.com\/goghsolutions\/","article_modified_time":"2026-03-27T14:39:40+00:00","twitter_card":"summary_large_image","twitter_site":"@goghsolutions","twitter_misc":{"Dur\u00e9e de lecture estim\u00e9e":"2 minutes"},"schema":{"@context":"https:\/\/schema.org","@graph":[{"@type":"WebPage","@id":"https:\/\/goghsolutions.com\/fr\/contact\/","url":"https:\/\/goghsolutions.com\/fr\/contact\/","name":"Contactez-nous | Service de mise en \u0153uvre de l\u2019IFS | Gogh","isPartOf":{"@id":"https:\/\/goghsolutions.com\/fr\/#website"},"datePublished":"2017-04-25T19:17:49+00:00","dateModified":"2026-03-27T14:39:40+00:00","description":"Contactez Gogh Solutions pour maximiser votre exp\u00e9rience IFS Cloud gr\u00e2ce \u00e0 des impl\u00e9mentations expertes et des services AMS proactifs.","breadcrumb":{"@id":"https:\/\/goghsolutions.com\/fr\/contact\/#breadcrumb"},"inLanguage":"fr-FR","potentialAction":[{"@type":"ReadAction","target":["https:\/\/goghsolutions.com\/fr\/contact\/"]}]},{"@type":"BreadcrumbList","@id":"https:\/\/goghsolutions.com\/fr\/contact\/#breadcrumb","itemListElement":[{"@type":"ListItem","position":1,"name":"Home","item":"https:\/\/goghsolutions.com\/fr\/"},{"@type":"ListItem","position":2,"name":"Contact"}]},{"@type":"WebSite","@id":"https:\/\/goghsolutions.com\/fr\/#website","url":"https:\/\/goghsolutions.com\/fr\/","name":"Gogh Solutions","description":"Transformer les services.","publisher":{"@id":"https:\/\/goghsolutions.com\/fr\/#organization"},"potentialAction":[{"@type":"SearchAction","target":{"@type":"EntryPoint","urlTemplate":"https:\/\/goghsolutions.com\/fr\/?s={search_term_string}"},"query-input":{"@type":"PropertyValueSpecification","valueRequired":true,"valueName":"search_term_string"}}],"inLanguage":"fr-FR"},{"@type":"Organization","@id":"https:\/\/goghsolutions.com\/fr\/#organization","name":"Gogh Solutions","url":"https:\/\/goghsolutions.com\/fr\/","logo":{"@type":"ImageObject","inLanguage":"fr-FR","@id":"https:\/\/goghsolutions.com\/fr\/#\/schema\/logo\/image\/","url":"","contentUrl":"","caption":"Gogh Solutions"},"image":{"@id":"https:\/\/goghsolutions.com\/fr\/#\/schema\/logo\/image\/"},"sameAs":["https:\/\/www.facebook.com\/goghsolutions\/","https:\/\/x.com\/goghsolutions","https:\/\/www.linkedin.com\/company-beta\/10483277\/"]}]}},"_links":{"self":[{"href":"https:\/\/goghsolutions.com\/fr\/wp-json\/wp\/v2\/pages\/8765","targetHints":{"allow":["GET"]}}],"collection":[{"href":"https:\/\/goghsolutions.com\/fr\/wp-json\/wp\/v2\/pages"}],"about":[{"href":"https:\/\/goghsolutions.com\/fr\/wp-json\/wp\/v2\/types\/page"}],"author":[{"embeddable":true,"href":"https:\/\/goghsolutions.com\/fr\/wp-json\/wp\/v2\/users\/1"}],"replies":[{"embeddable":true,"href":"https:\/\/goghsolutions.com\/fr\/wp-json\/wp\/v2\/comments?post=8765"}],"version-history":[{"count":13,"href":"https:\/\/goghsolutions.com\/fr\/wp-json\/wp\/v2\/pages\/8765\/revisions"}],"predecessor-version":[{"id":17189,"href":"https:\/\/goghsolutions.com\/fr\/wp-json\/wp\/v2\/pages\/8765\/revisions\/17189"}],"wp:attachment":[{"href":"https:\/\/goghsolutions.com\/fr\/wp-json\/wp\/v2\/media?parent=8765"}],"curies":[{"name":"wp","href":"https:\/\/api.w.org\/{rel}","templated":true}]}}