{"id":8770,"date":"2017-04-25T16:33:01","date_gmt":"2017-04-25T20:33:01","guid":{"rendered":"https:\/\/goghsolutions.com\/careers\/"},"modified":"2026-03-17T14:47:04","modified_gmt":"2026-03-17T18:47:04","slug":"carrieres","status":"publish","type":"page","link":"https:\/\/goghsolutions.com\/fr\/carrieres\/","title":{"rendered":"Carri\u00e8res"},"content":{"rendered":"<section class=\"l-section wpb_row height_auto\"><div class=\"l-section-overlay\" style=\"background:var(--color-content-heading)\"><\/div><div class=\"l-section-h i-cf\"><div class=\"g-cols vc_row via_flex valign_top type_default stacking_default\"><div class=\"vc_col-sm-12 wpb_column vc_column_container\"><div class=\"vc_column-inner\"><div class=\"wpb_wrapper\"><\/div><\/div><\/div><\/div><\/div><\/section><section class=\"l-section wpb_row us_custom_60d7fc28 height_auto width_custom\" style=\"--site-content-width:1380px;\"><div class=\"l-section-h i-cf\"><div class=\"g-cols vc_row via_flex valign_top type_default stacking_default\"><div class=\"vc_col-sm-12 wpb_column vc_column_container\"><div class=\"vc_column-inner\"><div class=\"wpb_wrapper\"><div class=\"ult-spacer spacer-6a01c85927359\" data-id=\"6a01c85927359\" data-height=\"30\" data-height-mobile=\"10\" data-height-tab=\"\" data-height-tab-portrait=\"\" data-height-mobile-landscape=\"10\" style=\"clear:both;display:block;\"><\/div>[vc_custom_heading text=\u00a0\u00bbD\u00e9veloppez votre carri\u00e8re avec un objectif et du soutien\u00a0\u00bb font_container=\u00a0\u00bbtag:h1|text_align:center\u00a0\u00bb use_theme_fonts=\u00a0\u00bbyes\u00a0\u00bb css=\u00a0\u00bb%7B%22default%22%3A%7B%22color%22%3A%22_content_heading%22%2C%22font-size%22%3A%2250px%22%2C%22line-height%22%3A%221.1%22%2C%22font-family%22%3A%22body%22%2C%22font-weight%22%3A%22600%22%7D%2C%22laptops%22%3A%7B%22color%22%3A%22_content_heading%22%2C%22font-size%22%3A%2245px%22%2C%22line-height%22%3A%221.1%22%2C%22font-family%22%3A%22body%22%2C%22font-weight%22%3A%22600%22%7D%2C%22tablets%22%3A%7B%22color%22%3A%22_content_heading%22%2C%22font-size%22%3A%2240px%22%2C%22line-height%22%3A%221.1%22%2C%22font-family%22%3A%22body%22%2C%22font-weight%22%3A%22600%22%7D%2C%22mobiles%22%3A%7B%22color%22%3A%22_content_heading%22%2C%22font-size%22%3A%2230px%22%2C%22line-height%22%3A%221.1%22%2C%22font-family%22%3A%22body%22%2C%22font-weight%22%3A%22600%22%7D%7D\u00a0\u00bb]<div class=\"ult-spacer spacer-6a01c8592739b\" data-id=\"6a01c8592739b\" data-height=\"10\" data-height-mobile=\"10\" data-height-tab=\"\" data-height-tab-portrait=\"\" data-height-mobile-landscape=\"10\" style=\"clear:both;display:block;\"><\/div>[vc_custom_heading text=\u00a0\u00bbFormation, mentorat et \u00e9volution pour votre r\u00e9ussite \u00e0 long terme.\u00a0\u00bb font_container=\u00a0\u00bbtag:h2|text_align:center\u00a0\u00bb use_theme_fonts=\u00a0\u00bbyes\u00a0\u00bb css=\u00a0\u00bb%7B%22default%22%3A%7B%22color%22%3A%22_header_middle_text_hover%22%2C%22font-size%22%3A%2228pxpx%22%2C%22line-height%22%3A%221.1%22%2C%22font-family%22%3A%22body%22%2C%22font-weight%22%3A%22700%22%7D%7D\u00a0\u00bb]<\/div><\/div><\/div><\/div><\/div><\/section><section class=\"l-section wpb_row height_medium\"><div class=\"l-section-h i-cf\"><div class=\"g-cols vc_row via_flex valign_top type_default stacking_default\"><div class=\"vc_col-sm-6 wpb_column vc_column_container\"><div class=\"vc_column-inner\"><div class=\"wpb_wrapper\"><div class=\"g-cols wpb_row via_flex valign_top type_default stacking_default\"><div class=\"vc_col-sm-2 wpb_column vc_column_container\"><div class=\"vc_column-inner\"><div class=\"wpb_wrapper\"><\/div><\/div><\/div><div class=\"vc_col-sm-10 wpb_column vc_column_container\"><div class=\"vc_column-inner us_custom_982a8fb3\"><div class=\"wpb_wrapper\"><div class=\"wpb_text_column us_custom_0a28f950\"><div class=\"wpb_wrapper\"><p style=\"font-weight: 400;\">Nous souhaitons avoir un impact positif dans tout ce que nous faisons parce que les r\u00e9sultats sont les forces de motivation qui nous poussent \u00e0 donner notre 100% chaque jour. Gogh Solutions est constamment \u00e0 la recherche de personnes qui correspondent \u00e0 notre culture, qui favorise trois caract\u00e9ristiques principales : une \u00e9thique de travail d\u00e9termin\u00e9e, une attitude positive vivante et le besoin incessant de laisser votre marque gr\u00e2ce \u00e0 vos comp\u00e9tences uniques et \u00e0 votre service \u00e0 la client\u00e8le. C&rsquo;est un endroit o\u00f9 vos id\u00e9es et votre contribution seront reconnues et se traduiront par des solutions concr\u00e8tes pour nos clients.<\/p>\n<p style=\"font-weight: 400;\">Nous nous enrichissons de l&rsquo;\u00e9nergie de chacun, c&rsquo;est pourquoi une attitude positive et terre-\u00e0-terre est essentielle ! Nous pensons que le travail n&rsquo;est pas une question de t\u00e2ches, mais qu&rsquo;il s&rsquo;agit d&rsquo;inspirer l&rsquo;innovation, d\u2019ajouter de la valeur, de faire la diff\u00e9rence, d&rsquo;\u00e9tablir des relations durables et enfin de s&rsquo;amuser tout en le faisant. C&rsquo;est \u00e0 vous d&rsquo;\u00e9tablir votre carri\u00e8re et d&rsquo;en profiter, alors joignez-vous \u00e0 notre \u00e9quipe et au plaisir !<\/p>\n<\/div><\/div><\/div><\/div><\/div><\/div><\/div><\/div><\/div><div class=\"vc_col-sm-6 wpb_column vc_column_container\"><div class=\"vc_column-inner\"><div class=\"wpb_wrapper\"><div class=\"g-cols wpb_row via_flex valign_top type_default stacking_default\"><div class=\"vc_col-sm-10 wpb_column vc_column_container\"><div class=\"vc_column-inner\"><div class=\"wpb_wrapper\">[vc_custom_heading text=\u00a0\u00bbLes raisons pour lesquelles vous devriez rejoindre notre \u00e9quipe :\u00a0\u00bb use_theme_fonts=\u00a0\u00bbyes\u00a0\u00bb css=\u00a0\u00bb%7B%22default%22%3A%7B%22color%22%3A%22_content_link_hover%22%2C%22font-size%22%3A%2226px%22%2C%22line-height%22%3A%221.1%22%2C%22font-family%22%3A%22body%22%2C%22font-weight%22%3A%22700%22%2C%22margin-bottom%22%3A%2220px%22%2C%22padding-bottom%22%3A%220px%22%2C%22border-bottom-width%22%3A%220px%22%7D%7D\u00a0\u00bb]<div class=\"wpb_text_column us_custom_fd0957dd\"><div class=\"wpb_wrapper\"><p style=\"font-weight: 400;\">Assurance m\u00e9dicale et dentaire parrain\u00e9e par l&#8217;employeur<br \/>\nAssurance voyage<br \/>\nAssurance vie<br \/>\nAide \u00e0 la formation<br \/>\nProgramme d&rsquo;orientation<br \/>\nProgramme de remboursement des frais de sant\u00e9 et de bien-\u00eatre<br \/>\nTravail \u00e0 distance<br \/>\net bien plus encore&#8230;<\/p>\n<\/div><\/div><\/div><\/div><\/div><div class=\"vc_col-sm-2 wpb_column vc_column_container\"><div class=\"vc_column-inner\"><div class=\"wpb_wrapper\"><\/div><\/div><\/div><\/div><\/div><\/div><\/div><\/div><\/div><\/section><section class=\"l-section wpb_row height_large width_custom\" style=\"--site-content-width:1200px;\"><div class=\"l-section-overlay\" style=\"background:#f7f9fb\"><\/div><div class=\"l-section-h i-cf\"><div class=\"g-cols vc_row via_flex valign_top type_default stacking_default\"><div class=\"vc_col-sm-12 wpb_column vc_column_container\"><div class=\"vc_column-inner\"><div class=\"wpb_wrapper\"><div class=\"w-hwrapper valign_top align_none\" style=\"--hwrapper-gap:1.7rem\"><div class=\"w-image align_center\"><div class=\"w-image-h\"><img decoding=\"async\" width=\"292\" height=\"292\" src=\"https:\/\/goghsolutions.com\/wp-content\/uploads\/2023\/05\/John.png\" class=\"attachment-full size-full\" alt=\"Image d\u2019un employ\u00e9 pour t\u00e9moignage.\" loading=\"lazy\" srcset=\"https:\/\/goghsolutions.com\/wp-content\/uploads\/2023\/05\/John.png 292w, https:\/\/goghsolutions.com\/wp-content\/uploads\/2023\/05\/John-150x150.png 150w, https:\/\/goghsolutions.com\/wp-content\/uploads\/2023\/05\/John-125x125.png 125w, https:\/\/goghsolutions.com\/wp-content\/uploads\/2023\/05\/John-200x200.png 200w, https:\/\/goghsolutions.com\/wp-content\/uploads\/2023\/05\/John-175x175.png 175w, https:\/\/goghsolutions.com\/wp-content\/uploads\/2023\/05\/John-275x275.png 275w, https:\/\/goghsolutions.com\/wp-content\/uploads\/2023\/05\/John-250x250.png 250w, https:\/\/goghsolutions.com\/wp-content\/uploads\/2023\/05\/John-120x120.png 120w, https:\/\/goghsolutions.com\/wp-content\/uploads\/2023\/05\/John-45x45.png 45w\" sizes=\"auto, (max-width: 292px) 100vw, 292px\" \/><\/div><\/div><div class=\"wpb_text_column us_custom_ae20cc36\"><div class=\"wpb_wrapper\"><p style=\"font-weight: 400;\">\u00ab\u00a0J&rsquo;aime travailler pour cette entreprise parce qu&rsquo;elle accorde une grande importance \u00e0 la croissance et au d\u00e9veloppement de ses employ\u00e9s. Les possibilit\u00e9s d&rsquo;apprentissage et d&rsquo;avancement sont infinies.\u00a0\u00bb<\/p>\n<p>John Bernardo | Consultant<\/p>\n<\/div><\/div><\/div><\/div><\/div><\/div><\/div><\/div><\/section><section class=\"l-section wpb_row height_large width_custom\" style=\"--site-content-width:1200px;\"><div class=\"l-section-h i-cf\"><div class=\"g-cols vc_row via_flex valign_top type_default stacking_default\"><div class=\"vc_col-sm-12 wpb_column vc_column_container\"><div class=\"vc_column-inner\"><div class=\"wpb_wrapper\"><div class=\"w-image align_center\"><div class=\"w-image-h\"><img decoding=\"async\" width=\"200\" height=\"200\" src=\"https:\/\/goghsolutions.com\/wp-content\/uploads\/2023\/05\/Mizanul-Islam-200x200.png\" class=\"attachment-us_200_0 size-us_200_0\" alt=\"Image d\u2019un employ\u00e9 de Gogh Solutions.\" loading=\"lazy\" srcset=\"https:\/\/goghsolutions.com\/wp-content\/uploads\/2023\/05\/Mizanul-Islam-200x200.png 200w, https:\/\/goghsolutions.com\/wp-content\/uploads\/2023\/05\/Mizanul-Islam.png 300w, https:\/\/goghsolutions.com\/wp-content\/uploads\/2023\/05\/Mizanul-Islam-150x150.png 150w, https:\/\/goghsolutions.com\/wp-content\/uploads\/2023\/05\/Mizanul-Islam-125x125.png 125w, https:\/\/goghsolutions.com\/wp-content\/uploads\/2023\/05\/Mizanul-Islam-175x175.png 175w, https:\/\/goghsolutions.com\/wp-content\/uploads\/2023\/05\/Mizanul-Islam-275x275.png 275w, https:\/\/goghsolutions.com\/wp-content\/uploads\/2023\/05\/Mizanul-Islam-250x250.png 250w, https:\/\/goghsolutions.com\/wp-content\/uploads\/2023\/05\/Mizanul-Islam-120x120.png 120w, https:\/\/goghsolutions.com\/wp-content\/uploads\/2023\/05\/Mizanul-Islam-45x45.png 45w\" sizes=\"auto, (max-width: 200px) 100vw, 200px\" \/><\/div><\/div><div class=\"ult-spacer spacer-6a01c8592be7b\" data-id=\"6a01c8592be7b\" data-height=\"30\" data-height-mobile=\"30\" data-height-tab=\"30\" data-height-tab-portrait=\"\" data-height-mobile-landscape=\"\" style=\"clear:both;display:block;\"><\/div><div class=\"wpb_text_column us_custom_ae20cc36\"><div class=\"wpb_wrapper\"><p style=\"font-weight: 400; text-align: center;\">\u00ab\u00a0Les possibilit\u00e9s illimit\u00e9es d&rsquo;apprentissage et d&rsquo;avancement au sein de cette organisation favorisent une culture qui appr\u00e9cie et reconna\u00eet profond\u00e9ment les r\u00e9alisations de ses employ\u00e9s. Je suis reconnaissant de faire partie de cette entreprise qui accorde une priorit\u00e9 r\u00e9elle \u00e0 la croissance et au d\u00e9veloppement de son personnel. Gogh Solutions a d\u00e9pass\u00e9 mes attentes d\u00e8s le premier jour. Ce fut et ce sera un voyage exceptionnel.\u00a0\u00bb<\/p>\n<p style=\"text-align: center;\">Mizanul Islam | Consultant IFS<\/p>\n<\/div><\/div><\/div><\/div><\/div><\/div><\/div><\/section>\n","protected":false},"excerpt":{"rendered":"[vc_custom_heading text=\"D\u00e9veloppez votre carri\u00e8re avec un objectif et du soutien\" font_container=\"tag:h1|text_align:center\" use_theme_fonts=\"yes\" css=\"%7B%22default%22%3A%7B%22color%22%3A%22_content_heading%22%2C%22font-size%22%3A%2250px%22%2C%22line-height%22%3A%221.1%22%2C%22font-family%22%3A%22body%22%2C%22font-weight%22%3A%22600%22%7D%2C%22laptops%22%3A%7B%22color%22%3A%22_content_heading%22%2C%22font-size%22%3A%2245px%22%2C%22line-height%22%3A%221.1%22%2C%22font-family%22%3A%22body%22%2C%22font-weight%22%3A%22600%22%7D%2C%22tablets%22%3A%7B%22color%22%3A%22_content_heading%22%2C%22font-size%22%3A%2240px%22%2C%22line-height%22%3A%221.1%22%2C%22font-family%22%3A%22body%22%2C%22font-weight%22%3A%22600%22%7D%2C%22mobiles%22%3A%7B%22color%22%3A%22_content_heading%22%2C%22font-size%22%3A%2230px%22%2C%22line-height%22%3A%221.1%22%2C%22font-family%22%3A%22body%22%2C%22font-weight%22%3A%22600%22%7D%7D\"][vc_custom_heading text=\"Formation, mentorat et \u00e9volution pour votre r\u00e9ussite \u00e0 long terme.\" font_container=\"tag:h2|text_align:center\" use_theme_fonts=\"yes\" css=\"%7B%22default%22%3A%7B%22color%22%3A%22_header_middle_text_hover%22%2C%22font-size%22%3A%2228pxpx%22%2C%22line-height%22%3A%221.1%22%2C%22font-family%22%3A%22body%22%2C%22font-weight%22%3A%22700%22%7D%7D\"]Nous souhaitons avoir un impact positif dans tout ce que nous faisons parce que les r\u00e9sultats sont les forces de motivation qui nous poussent \u00e0 donner notre 100% chaque jour....","protected":false},"author":1,"featured_media":8084,"parent":0,"menu_order":0,"comment_status":"closed","ping_status":"closed","template":"","meta":{"footnotes":""},"class_list":["post-8770","page","type-page","status-publish","has-post-thumbnail","hentry"],"yoast_head":"<!-- This site is optimized with the Yoast SEO Premium plugin v27.4 (Yoast SEO v27.4) - https:\/\/yoast.com\/product\/yoast-seo-premium-wordpress\/ -->\n<title>Carri\u00e8res chez Gogh Solutions | IFS Premier Partner<\/title>\n<meta name=\"description\" content=\"Chez Gogh Solutions, nous offrons d&#039;excellents avantages ainsi que des opportunit\u00e9s d&#039;avancement de carri\u00e8re.\" \/>\n<meta name=\"robots\" content=\"noindex, follow\" \/>\n<meta property=\"og:locale\" content=\"fr_FR\" \/>\n<meta property=\"og:type\" content=\"article\" \/>\n<meta property=\"og:title\" content=\"Carri\u00e8res\" \/>\n<meta property=\"og:description\" content=\"Chez Gogh Solutions, nous offrons d&#039;excellents avantages ainsi que des opportunit\u00e9s d&#039;avancement de carri\u00e8re.\" \/>\n<meta property=\"og:url\" content=\"https:\/\/goghsolutions.com\/fr\/carrieres\/\" \/>\n<meta property=\"og:site_name\" content=\"Gogh Solutions\" \/>\n<meta property=\"article:publisher\" content=\"https:\/\/www.facebook.com\/goghsolutions\/\" \/>\n<meta property=\"article:modified_time\" content=\"2026-03-17T18:47:04+00:00\" \/>\n<meta property=\"og:image\" content=\"https:\/\/goghsolutions.com\/wp-content\/uploads\/2020\/05\/Gogh-Solutions-New-Logo-March-2020-V2.png\" \/>\n\t<meta property=\"og:image:width\" content=\"1063\" \/>\n\t<meta property=\"og:image:height\" content=\"456\" \/>\n\t<meta property=\"og:image:type\" content=\"image\/png\" \/>\n<meta name=\"twitter:card\" content=\"summary_large_image\" \/>\n<meta name=\"twitter:site\" content=\"@goghsolutions\" \/>\n<meta name=\"twitter:label1\" content=\"Dur\u00e9e de lecture estim\u00e9e\" \/>\n\t<meta name=\"twitter:data1\" content=\"24 minutes\" \/>\n<script type=\"application\/ld+json\" class=\"yoast-schema-graph\">{\"@context\":\"https:\\\/\\\/schema.org\",\"@graph\":[{\"@type\":\"WebPage\",\"@id\":\"https:\\\/\\\/goghsolutions.com\\\/fr\\\/carrieres\\\/\",\"url\":\"https:\\\/\\\/goghsolutions.com\\\/fr\\\/carrieres\\\/\",\"name\":\"Carri\u00e8res chez Gogh Solutions | IFS Premier Partner\",\"isPartOf\":{\"@id\":\"https:\\\/\\\/goghsolutions.com\\\/fr\\\/#website\"},\"primaryImageOfPage\":{\"@id\":\"https:\\\/\\\/goghsolutions.com\\\/fr\\\/carrieres\\\/#primaryimage\"},\"image\":{\"@id\":\"https:\\\/\\\/goghsolutions.com\\\/fr\\\/carrieres\\\/#primaryimage\"},\"thumbnailUrl\":\"https:\\\/\\\/goghsolutions.com\\\/wp-content\\\/uploads\\\/2020\\\/05\\\/Gogh-Solutions-New-Logo-March-2020-V2.png\",\"datePublished\":\"2017-04-25T20:33:01+00:00\",\"dateModified\":\"2026-03-17T18:47:04+00:00\",\"description\":\"Chez Gogh Solutions, nous offrons d'excellents avantages ainsi que des opportunit\u00e9s d'avancement de carri\u00e8re.\",\"breadcrumb\":{\"@id\":\"https:\\\/\\\/goghsolutions.com\\\/fr\\\/carrieres\\\/#breadcrumb\"},\"inLanguage\":\"fr-FR\",\"potentialAction\":[{\"@type\":\"ReadAction\",\"target\":[\"https:\\\/\\\/goghsolutions.com\\\/fr\\\/carrieres\\\/\"]}]},{\"@type\":\"ImageObject\",\"inLanguage\":\"fr-FR\",\"@id\":\"https:\\\/\\\/goghsolutions.com\\\/fr\\\/carrieres\\\/#primaryimage\",\"url\":\"https:\\\/\\\/goghsolutions.com\\\/wp-content\\\/uploads\\\/2020\\\/05\\\/Gogh-Solutions-New-Logo-March-2020-V2.png\",\"contentUrl\":\"https:\\\/\\\/goghsolutions.com\\\/wp-content\\\/uploads\\\/2020\\\/05\\\/Gogh-Solutions-New-Logo-March-2020-V2.png\",\"width\":1063,\"height\":456,\"caption\":\"Logo de Gogh Solutions en couleurs.\"},{\"@type\":\"BreadcrumbList\",\"@id\":\"https:\\\/\\\/goghsolutions.com\\\/fr\\\/carrieres\\\/#breadcrumb\",\"itemListElement\":[{\"@type\":\"ListItem\",\"position\":1,\"name\":\"Home\",\"item\":\"https:\\\/\\\/goghsolutions.com\\\/fr\\\/\"},{\"@type\":\"ListItem\",\"position\":2,\"name\":\"Carri\u00e8res\"}]},{\"@type\":\"WebSite\",\"@id\":\"https:\\\/\\\/goghsolutions.com\\\/fr\\\/#website\",\"url\":\"https:\\\/\\\/goghsolutions.com\\\/fr\\\/\",\"name\":\"Gogh Solutions\",\"description\":\"Transformer les services.\",\"publisher\":{\"@id\":\"https:\\\/\\\/goghsolutions.com\\\/fr\\\/#organization\"},\"potentialAction\":[{\"@type\":\"SearchAction\",\"target\":{\"@type\":\"EntryPoint\",\"urlTemplate\":\"https:\\\/\\\/goghsolutions.com\\\/fr\\\/?s={search_term_string}\"},\"query-input\":{\"@type\":\"PropertyValueSpecification\",\"valueRequired\":true,\"valueName\":\"search_term_string\"}}],\"inLanguage\":\"fr-FR\"},{\"@type\":\"Organization\",\"@id\":\"https:\\\/\\\/goghsolutions.com\\\/fr\\\/#organization\",\"name\":\"Gogh Solutions\",\"url\":\"https:\\\/\\\/goghsolutions.com\\\/fr\\\/\",\"logo\":{\"@type\":\"ImageObject\",\"inLanguage\":\"fr-FR\",\"@id\":\"https:\\\/\\\/goghsolutions.com\\\/fr\\\/#\\\/schema\\\/logo\\\/image\\\/\",\"url\":\"\",\"contentUrl\":\"\",\"caption\":\"Gogh Solutions\"},\"image\":{\"@id\":\"https:\\\/\\\/goghsolutions.com\\\/fr\\\/#\\\/schema\\\/logo\\\/image\\\/\"},\"sameAs\":[\"https:\\\/\\\/www.facebook.com\\\/goghsolutions\\\/\",\"https:\\\/\\\/x.com\\\/goghsolutions\",\"https:\\\/\\\/www.linkedin.com\\\/company-beta\\\/10483277\\\/\"]}]}<\/script>\n<!-- \/ Yoast SEO Premium plugin. -->","yoast_head_json":{"title":"Carri\u00e8res chez Gogh Solutions | IFS Premier Partner","description":"Chez Gogh Solutions, nous offrons d'excellents avantages ainsi que des opportunit\u00e9s d'avancement de carri\u00e8re.","robots":{"index":"noindex","follow":"follow"},"og_locale":"fr_FR","og_type":"article","og_title":"Carri\u00e8res","og_description":"Chez Gogh Solutions, nous offrons d'excellents avantages ainsi que des opportunit\u00e9s d'avancement de carri\u00e8re.","og_url":"https:\/\/goghsolutions.com\/fr\/carrieres\/","og_site_name":"Gogh Solutions","article_publisher":"https:\/\/www.facebook.com\/goghsolutions\/","article_modified_time":"2026-03-17T18:47:04+00:00","og_image":[{"width":1063,"height":456,"url":"https:\/\/goghsolutions.com\/wp-content\/uploads\/2020\/05\/Gogh-Solutions-New-Logo-March-2020-V2.png","type":"image\/png"}],"twitter_card":"summary_large_image","twitter_site":"@goghsolutions","twitter_misc":{"Dur\u00e9e de lecture estim\u00e9e":"24 minutes"},"schema":{"@context":"https:\/\/schema.org","@graph":[{"@type":"WebPage","@id":"https:\/\/goghsolutions.com\/fr\/carrieres\/","url":"https:\/\/goghsolutions.com\/fr\/carrieres\/","name":"Carri\u00e8res chez Gogh Solutions | IFS Premier Partner","isPartOf":{"@id":"https:\/\/goghsolutions.com\/fr\/#website"},"primaryImageOfPage":{"@id":"https:\/\/goghsolutions.com\/fr\/carrieres\/#primaryimage"},"image":{"@id":"https:\/\/goghsolutions.com\/fr\/carrieres\/#primaryimage"},"thumbnailUrl":"https:\/\/goghsolutions.com\/wp-content\/uploads\/2020\/05\/Gogh-Solutions-New-Logo-March-2020-V2.png","datePublished":"2017-04-25T20:33:01+00:00","dateModified":"2026-03-17T18:47:04+00:00","description":"Chez Gogh Solutions, nous offrons d'excellents avantages ainsi que des opportunit\u00e9s d'avancement de carri\u00e8re.","breadcrumb":{"@id":"https:\/\/goghsolutions.com\/fr\/carrieres\/#breadcrumb"},"inLanguage":"fr-FR","potentialAction":[{"@type":"ReadAction","target":["https:\/\/goghsolutions.com\/fr\/carrieres\/"]}]},{"@type":"ImageObject","inLanguage":"fr-FR","@id":"https:\/\/goghsolutions.com\/fr\/carrieres\/#primaryimage","url":"https:\/\/goghsolutions.com\/wp-content\/uploads\/2020\/05\/Gogh-Solutions-New-Logo-March-2020-V2.png","contentUrl":"https:\/\/goghsolutions.com\/wp-content\/uploads\/2020\/05\/Gogh-Solutions-New-Logo-March-2020-V2.png","width":1063,"height":456,"caption":"Logo de Gogh Solutions en couleurs."},{"@type":"BreadcrumbList","@id":"https:\/\/goghsolutions.com\/fr\/carrieres\/#breadcrumb","itemListElement":[{"@type":"ListItem","position":1,"name":"Home","item":"https:\/\/goghsolutions.com\/fr\/"},{"@type":"ListItem","position":2,"name":"Carri\u00e8res"}]},{"@type":"WebSite","@id":"https:\/\/goghsolutions.com\/fr\/#website","url":"https:\/\/goghsolutions.com\/fr\/","name":"Gogh Solutions","description":"Transformer les services.","publisher":{"@id":"https:\/\/goghsolutions.com\/fr\/#organization"},"potentialAction":[{"@type":"SearchAction","target":{"@type":"EntryPoint","urlTemplate":"https:\/\/goghsolutions.com\/fr\/?s={search_term_string}"},"query-input":{"@type":"PropertyValueSpecification","valueRequired":true,"valueName":"search_term_string"}}],"inLanguage":"fr-FR"},{"@type":"Organization","@id":"https:\/\/goghsolutions.com\/fr\/#organization","name":"Gogh Solutions","url":"https:\/\/goghsolutions.com\/fr\/","logo":{"@type":"ImageObject","inLanguage":"fr-FR","@id":"https:\/\/goghsolutions.com\/fr\/#\/schema\/logo\/image\/","url":"","contentUrl":"","caption":"Gogh Solutions"},"image":{"@id":"https:\/\/goghsolutions.com\/fr\/#\/schema\/logo\/image\/"},"sameAs":["https:\/\/www.facebook.com\/goghsolutions\/","https:\/\/x.com\/goghsolutions","https:\/\/www.linkedin.com\/company-beta\/10483277\/"]}]}},"_links":{"self":[{"href":"https:\/\/goghsolutions.com\/fr\/wp-json\/wp\/v2\/pages\/8770","targetHints":{"allow":["GET"]}}],"collection":[{"href":"https:\/\/goghsolutions.com\/fr\/wp-json\/wp\/v2\/pages"}],"about":[{"href":"https:\/\/goghsolutions.com\/fr\/wp-json\/wp\/v2\/types\/page"}],"author":[{"embeddable":true,"href":"https:\/\/goghsolutions.com\/fr\/wp-json\/wp\/v2\/users\/1"}],"replies":[{"embeddable":true,"href":"https:\/\/goghsolutions.com\/fr\/wp-json\/wp\/v2\/comments?post=8770"}],"version-history":[{"count":8,"href":"https:\/\/goghsolutions.com\/fr\/wp-json\/wp\/v2\/pages\/8770\/revisions"}],"predecessor-version":[{"id":17009,"href":"https:\/\/goghsolutions.com\/fr\/wp-json\/wp\/v2\/pages\/8770\/revisions\/17009"}],"wp:featuredmedia":[{"embeddable":true,"href":"https:\/\/goghsolutions.com\/fr\/wp-json\/wp\/v2\/media\/8084"}],"wp:attachment":[{"href":"https:\/\/goghsolutions.com\/fr\/wp-json\/wp\/v2\/media?parent=8770"}],"curies":[{"name":"wp","href":"https:\/\/api.w.org\/{rel}","templated":true}]}}